{"id":2,"date":"2015-12-09T03:33:20","date_gmt":"2015-12-09T03:33:20","guid":{"rendered":"http:\/\/wp44m.a10-52-158-154.qa.plesk.ru\/wordpress\/?page_id=2"},"modified":"2016-01-02T16:15:02","modified_gmt":"2016-01-02T16:15:02","slug":"sample-page","status":"publish","type":"page","link":"https:\/\/werbegemeinschaft-schnaittach.de\/?page_id=2","title":{"rendered":"Wir \u00fcber uns"},"content":{"rendered":"<p>Die Werbegemeinschaft Schnaittach e.V. wurde mit dem Ziel gegr\u00fcndet, die Attraktivit\u00e4t der Marktgemeinde Schnaittach f\u00fcr Ihre B\u00fcrger durch entsprechende Marketingmassnahmen zu erh\u00f6hen.<\/p>\n<p>Dieses Ziel wird ausschlie\u00dflich auf der Basis ehrenamtlicher T\u00e4tigkeiten verfolgt, eine Gewinnerzielungsabsicht oder politische Ziele sind damit nicht verbunden.<\/p>\n<p>Unsere Werbegemeinschaft steht allen interessierten B\u00fcrgern und Unternehmen offen.<\/p>\n","protected":false},"excerpt":{"rendered":"<p>Die Werbegemeinschaft Schnaittach e.V. wurde mit dem Ziel gegr\u00fcndet, die Attraktivit\u00e4t der Marktgemeinde Schnaittach f\u00fcr Ihre B\u00fcrger durch entsprechende Marketingmassnahmen zu erh\u00f6hen. Dieses Ziel wird ausschlie\u00dflich auf der Basis ehrenamtlicher T\u00e4tigkeiten verfolgt, eine Gewinnerzielungsabsicht oder politische Ziele sind damit nicht &hellip; <a href=\"https:\/\/werbegemeinschaft-schnaittach.de\/?page_id=2\">Weiterlesen <span class=\"meta-nav\">&rarr;<\/span><\/a><\/p>\n","protected":false},"author":1,"featured_media":0,"parent":0,"menu_order":0,"comment_status":"closed","ping_status":"open","template":"","meta":{"ngg_post_thumbnail":0},"_links":{"self":[{"href":"https:\/\/werbegemeinschaft-schnaittach.de\/index.php?rest_route=\/wp\/v2\/pages\/2"}],"collection":[{"href":"https:\/\/werbegemeinschaft-schnaittach.de\/index.php?rest_route=\/wp\/v2\/pages"}],"about":[{"href":"https:\/\/werbegemeinschaft-schnaittach.de\/index.php?rest_route=\/wp\/v2\/types\/page"}],"author":[{"embeddable":true,"href":"https:\/\/werbegemeinschaft-schnaittach.de\/index.php?rest_route=\/wp\/v2\/users\/1"}],"replies":[{"embeddable":true,"href":"https:\/\/werbegemeinschaft-schnaittach.de\/index.php?rest_route=%2Fwp%2Fv2%2Fcomments&post=2"}],"version-history":[{"count":1,"href":"https:\/\/werbegemeinschaft-schnaittach.de\/index.php?rest_route=\/wp\/v2\/pages\/2\/revisions"}],"predecessor-version":[{"id":69,"href":"https:\/\/werbegemeinschaft-schnaittach.de\/index.php?rest_route=\/wp\/v2\/pages\/2\/revisions\/69"}],"wp:attachment":[{"href":"https:\/\/werbegemeinschaft-schnaittach.de\/index.php?rest_route=%2Fwp%2Fv2%2Fmedia&parent=2"}],"curies":[{"name":"wp","href":"https:\/\/api.w.org\/{rel}","templated":true}]}}