{"id":90,"date":"2016-01-02T16:51:39","date_gmt":"2016-01-02T16:51:39","guid":{"rendered":"http:\/\/werbegemeinschaft-schnaittach.de\/?page_id=90"},"modified":"2026-03-27T19:10:30","modified_gmt":"2026-03-27T19:10:30","slug":"der-vorstand","status":"publish","type":"page","link":"https:\/\/werbegemeinschaft-schnaittach.de\/?page_id=90","title":{"rendered":"Der Vorstand"},"content":{"rendered":"<div class=\"entry-content\">\n<ul>\n<li><strong>1. Vorsitzender<br \/>\n<\/strong><strong>N.N.<\/strong><\/li>\n<li><strong>2.Vorsitzende<\/strong><br \/>\nMartina Kalb, Schnaittach<\/li>\n<li><strong>Kassier<br \/>\n<\/strong>interim: Fa. Greifenstein GmbH, N\u00fcrnberger Str. 14, Schnaittach<\/li>\n<li><strong>Schriftf\u00fchrer<br \/>\n<\/strong>Oliver M\u00fcller, Schnaittach<\/li>\n<li><strong>erweiterter Vorstand<\/strong><br \/>\nGisela Victorin, Inh. Schuhhaus Schleicher, Erlanger Str. 6, 91220 Schnaittach<br \/>\nMatthias Weickmann, Inh. Weickmann\u015b Partyzeltverleih, Gro\u00dfgeschaidter Stra\u00dfe 33, 90542 Eckental<br \/>\nKurt K\u00fcchler, Inh. Brauerei Kanone, Br\u00fcckenstr. 1A, 91220 Schnaittach<br \/>\nJohann Rabus, Imbiss-Betrieb Rabus<br \/>\nHorst Britting, Inh. Auto Britting Schnaittach-Hedersdorf<\/li>\n<li><strong>Kassenpr\u00fcfer<br \/>\n<\/strong>Erwin Kalb, Inh. Autohaus Kalb, Kirschenleite 2, 91220 Schnaittach<br \/>\nKarin M\u00fcller<\/li>\n<\/ul>\n<\/div>\n<p><strong>&nbsp;<\/strong><\/p>\n","protected":false},"excerpt":{"rendered":"<p>1. Vorsitzender N.N. 2.Vorsitzende Martina Kalb, Schnaittach Kassier interim: Fa. Greifenstein GmbH, N\u00fcrnberger Str. 14, Schnaittach Schriftf\u00fchrer Oliver M\u00fcller, Schnaittach erweiterter Vorstand Gisela Victorin, Inh. Schuhhaus Schleicher, Erlanger Str. 6, 91220 Schnaittach Matthias Weickmann, Inh. Weickmann\u015b Partyzeltverleih, Gro\u00dfgeschaidter Stra\u00dfe 33, &hellip; <a href=\"https:\/\/werbegemeinschaft-schnaittach.de\/?page_id=90\">Weiterlesen <span class=\"meta-nav\">&rarr;<\/span><\/a><\/p>\n","protected":false},"author":1,"featured_media":0,"parent":0,"menu_order":0,"comment_status":"closed","ping_status":"closed","template":"","meta":{"ngg_post_thumbnail":0},"_links":{"self":[{"href":"https:\/\/werbegemeinschaft-schnaittach.de\/index.php?rest_route=\/wp\/v2\/pages\/90"}],"collection":[{"href":"https:\/\/werbegemeinschaft-schnaittach.de\/index.php?rest_route=\/wp\/v2\/pages"}],"about":[{"href":"https:\/\/werbegemeinschaft-schnaittach.de\/index.php?rest_route=\/wp\/v2\/types\/page"}],"author":[{"embeddable":true,"href":"https:\/\/werbegemeinschaft-schnaittach.de\/index.php?rest_route=\/wp\/v2\/users\/1"}],"replies":[{"embeddable":true,"href":"https:\/\/werbegemeinschaft-schnaittach.de\/index.php?rest_route=%2Fwp%2Fv2%2Fcomments&post=90"}],"version-history":[{"count":18,"href":"https:\/\/werbegemeinschaft-schnaittach.de\/index.php?rest_route=\/wp\/v2\/pages\/90\/revisions"}],"predecessor-version":[{"id":1247,"href":"https:\/\/werbegemeinschaft-schnaittach.de\/index.php?rest_route=\/wp\/v2\/pages\/90\/revisions\/1247"}],"wp:attachment":[{"href":"https:\/\/werbegemeinschaft-schnaittach.de\/index.php?rest_route=%2Fwp%2Fv2%2Fmedia&parent=90"}],"curies":[{"name":"wp","href":"https:\/\/api.w.org\/{rel}","templated":true}]}}